{"id":152,"date":"2017-02-04T15:51:11","date_gmt":"2017-02-04T14:51:11","guid":{"rendered":"http:\/\/stralsunder-traditionsverein.de\/internet\/?page_id=152"},"modified":"2025-09-22T18:26:23","modified_gmt":"2025-09-22T16:26:23","slug":"startseite","status":"publish","type":"page","link":"https:\/\/stralsunder-traditionsverein.de\/internet\/","title":{"rendered":"Startseite"},"content":{"rendered":"<p>&nbsp;<\/p>\n<p><span style=\"color: #ff0000;\"><span style=\"color: #000000;\">&nbsp;<\/span><\/span><\/p>\n<p>&nbsp;<\/p>\n<p><strong>Stralsunder Traditionen erlebbar machen:<\/strong><\/p>\n<p>Unser gemeinn\u00fctziger Verein wurde im November 2016 mit dem Ziel gegr\u00fcndet, heimisches Brauchtum, l\u00e4ngst vergessene Traditionen und altes Handwerk zu erforschen, zu pflegen und der \u00d6ffentlichkeit zug\u00e4nglich zu machen (unpolitisch und wertfrei).<\/p>\n<p><b>Unsere vielf\u00e4ltigen Aufgaben:<\/b><br \/>\n<b>*<\/b> die Pflege und Instandsetzung von derzeit ca. 1000 Kost\u00fcmen und weiteren unz\u00e4hligen Einzelteilen des Vereins<br \/>\n<b>*<\/b> Betreiben eines Ausleihfundus mit historischen Kost\u00fcmen und Ausr\u00fcstungsgegenst\u00e4nden<br \/>\n<b>*<\/b> die Stralsunder Stadtwache als Teil des Vereins f\u00fcr historische Veranstaltungen ausbauen<br \/>\n<b>*<\/b> die Teilnahme an kulturellen Veranstaltungen der Stadt, die der Darstellung und Vermittlung von Stralsunder Traditionen dienen: z.B. am beliebten Festumzug zum Auftakt des&nbsp; historischen Stadtfestes &#8222;Wallensteintage&#8220;, an den Hansetagen, dem Erntedankfest etc.<br \/>\nWir freuen uns sehr \u00fcber neue Mitglieder, die mit kreativen Ideen, handwerklichem\/ handarbeitlichem Geschick mit uns zusammen alte Stralsunder Tradition wieder aufleben lassen m\u00f6chten.<\/p>\n<table style=\"height: 50px;\" width=\"993\">\n<tbody>\n<tr>\n<td style=\"background-color: #737373; width: 549px;\"><span style=\"color: #ffffff;\">auch Geldspenden zur Unterst\u00fctzung des Vereins sind willkommen<br \/>\n<\/span><\/td>\n<\/tr>\n<\/tbody>\n<\/table>\n<p>Der Film zu den Wallensteintagen aus dem Jahr 2020 <a href=\"https:\/\/www.youtube.com\/watch?v=f3xA6iHgrJA\">https:\/\/www.youtube.com\/watch?v=f3xA6iHgrJA<\/a><\/p>\n","protected":false},"excerpt":{"rendered":"<p>&nbsp; &nbsp; &nbsp; Stralsunder Traditionen erlebbar machen: Unser gemeinn\u00fctziger Verein wurde im November 2016 mit dem Ziel gegr\u00fcndet, heimisches Brauchtum, l\u00e4ngst vergessene Traditionen und altes Handwerk zu erforschen, zu pflegen und der \u00d6ffentlichkeit zug\u00e4nglich&#46;&#46;&#46;<\/p>\n","protected":false},"author":1,"featured_media":0,"parent":0,"menu_order":2,"comment_status":"closed","ping_status":"closed","template":"","meta":{"_bbp_topic_count":0,"_bbp_reply_count":0,"_bbp_total_topic_count":0,"_bbp_total_reply_count":0,"_bbp_voice_count":0,"_bbp_anonymous_reply_count":0,"_bbp_topic_count_hidden":0,"_bbp_reply_count_hidden":0,"_bbp_forum_subforum_count":0,"ngg_post_thumbnail":0,"footnotes":""},"class_list":["post-152","page","type-page","status-publish","hentry","gallery-content-unit"],"_links":{"self":[{"href":"https:\/\/stralsunder-traditionsverein.de\/internet\/wp-json\/wp\/v2\/pages\/152","targetHints":{"allow":["GET"]}}],"collection":[{"href":"https:\/\/stralsunder-traditionsverein.de\/internet\/wp-json\/wp\/v2\/pages"}],"about":[{"href":"https:\/\/stralsunder-traditionsverein.de\/internet\/wp-json\/wp\/v2\/types\/page"}],"author":[{"embeddable":true,"href":"https:\/\/stralsunder-traditionsverein.de\/internet\/wp-json\/wp\/v2\/users\/1"}],"replies":[{"embeddable":true,"href":"https:\/\/stralsunder-traditionsverein.de\/internet\/wp-json\/wp\/v2\/comments?post=152"}],"version-history":[{"count":192,"href":"https:\/\/stralsunder-traditionsverein.de\/internet\/wp-json\/wp\/v2\/pages\/152\/revisions"}],"predecessor-version":[{"id":2479,"href":"https:\/\/stralsunder-traditionsverein.de\/internet\/wp-json\/wp\/v2\/pages\/152\/revisions\/2479"}],"wp:attachment":[{"href":"https:\/\/stralsunder-traditionsverein.de\/internet\/wp-json\/wp\/v2\/media?parent=152"}],"curies":[{"name":"wp","href":"https:\/\/api.w.org\/{rel}","templated":true}]}}