{"id":2082,"date":"2020-09-03T21:45:21","date_gmt":"2020-09-03T19:45:21","guid":{"rendered":"https:\/\/stralsunder-traditionsverein.de\/internet\/?page_id=2082"},"modified":"2022-03-09T12:29:37","modified_gmt":"2022-03-09T11:29:37","slug":"stralsunder-stadtwache","status":"publish","type":"page","link":"https:\/\/stralsunder-traditionsverein.de\/internet\/stralsunder-stadtwache\/","title":{"rendered":"Stralsunder Stadtwache"},"content":{"rendered":"<p>Der Tradition verbunden&nbsp;&nbsp;&nbsp;&nbsp;&nbsp;&nbsp;&nbsp;&nbsp;&nbsp;&nbsp;&nbsp;&nbsp;&nbsp;&nbsp;&nbsp;&nbsp;&nbsp;&nbsp;&nbsp;&nbsp;&nbsp;&nbsp;&nbsp;&nbsp; &nbsp; &nbsp; &nbsp; &nbsp; &nbsp; &nbsp; &nbsp; &nbsp; &nbsp; &nbsp; &nbsp; &nbsp; &nbsp; &nbsp; &nbsp; &nbsp; &nbsp; &nbsp; &nbsp; &nbsp; &nbsp; &nbsp; &nbsp; &nbsp; &nbsp; &nbsp; &nbsp;&nbsp; &nbsp;&nbsp;&nbsp;&nbsp;&nbsp;&nbsp;&nbsp;&nbsp;&nbsp; <a href=\"https:\/\/stralsunder-traditionsverein.de\/internet\/wp-content\/uploads\/2022\/03\/Veranstaltung-Stadtwache.pdf\" target=\"_blank\" rel=\"noopener\">Buchungsformular der Stralsunder Stadtwache<\/a><\/p>\n<p>2019 gr\u00fcndet sich aus einer Initiative einiger junger M\u00e4nner und Frauen die <strong>Stralsunder Stadtwache<\/strong> und gliedert sich an den <strong>Stralsunder Traditionsverein e.V.<\/strong> an.<\/p>\n<p>Ziel ist es, als B\u00fcrger der Hansestadt Stralsund und deren Umgebung, das kulturelle Leben und die Stadtfeste insbesondere die <strong><em>Wallensteintage<\/em><\/strong> zu bereichern und aktiv mitzugestalten. &nbsp;Die Stadtwache ist dabei ein k\u00fcnstlerisches Medium, das viel Spielraum f\u00fcr Abenteuer und Schabernack bietet.<\/p>\n<p><strong>Traditionspflege<\/strong><\/p>\n<p>Es geh\u00f6rt zum Anliegen des Stralsunder Traditionsvereins, das Brauchtum zu pflegen und alte Kulturtechniken zu vermitteln. Dem schlie\u00dft sich die Stadtwache an, in dem sie auch den Umgang mit traditionellen Verteidigungswaffen \u201ebegreifbar\u201c macht. War die Hellebarde auch in fr\u00fcheren Zeiten dazu gedacht Angreifer abzuschrecken, so ist sie auch heute ein Teil der Ausr\u00fcstung der z.Z. 20 Personen starken Truppe. Auch das Schie\u00dfen mit Luntenschlossgewehren und Gesch\u00fctzen wird von einem Teil der Gruppe vorgef\u00fchrt und der sichere Umgang in Lehrg\u00e4ngen und auf dem L\u00fcssower Schie\u00dfplatz ge\u00fcbt. Aus dem dort ans\u00e4ssigen <strong>Hanseatischer Sch\u00fctzenverein zu Stralsund e.V.<\/strong> hat sich eine kleine Gruppe um den Hobbyschmied Jens Burkhard der Stralsunder Stadtwache als freie Mitglieder angeschlossen. Der Schmied hat auch die aufw\u00e4ndig gearbeiteten Hellebarden nach alten Vorlagen f\u00fcr die Truppe hergestellt.<\/p>\n<p><strong>Gesang, Musik und Film<\/strong><\/p>\n<p>Schon zu den Wallensteintagen 2019, vor der Gr\u00fcndung der Stadtwache, ist die bunte Horde durch raue und liebliche Ges\u00e4nge am Lagerfeuer auf dem Marktplatz aufgefallen. Denn das gem\u00fctliche Beisammensein im Lager ist uns ein gro\u00dfes Anliegen, bei dem gekocht, gesungen und gefeiert wird. Handgemacht ist angesagt &#8211; vom Sitzm\u00f6bel und Laternen \u00fcber die Suppe bis hin zur Musik. Mittlerweile hat die Stadtwache eine Abteilung \u201eWachgesang\u201c, die auch bereits mehrere eigene Songs im Tonstudio aufgenommen und als Musikvideo im Kanal des Stralsunder Traditionsvereins ver\u00f6ffentlicht hat.<\/p>\n<p>Im Jahr 2020 hat die Stralsunder Stadtwache mit weiteren Mitgliedern des Stralsunder Traditionsvereins e.V. und Stralsund TV im Auftrag der Hansestadt Stralsund Szenen aus der Belagerungszeit 1628 als Kurzfilme gedreht. Klar, dass die Truppe die Gelegenheit genutzt hat, noch eigene Szenen zu erg\u00e4nzen und dann einen 30min\u00fctigen Film zu produzieren. \u201eMit Ketten am Himmel\u201c ist im YouTube-Kanal des Traditionsvereins zu sehen.<\/p>\n<p>\u201eLicht in der Finsternis\u201c ist ein Kurzfilm zum St. Martinstag von und mit der Stralsunder Stadtwache und wurde vom Verein ANDERE ZEITEN e.V. &nbsp;finanziert. Die Mantelteilung von St. Martin wurde in die Zeit des 30j\u00e4hrigen Krieges transferiert und bekommt dadurch eine regionale Aktualit\u00e4t besonders in der Coronazeit. Der Film hatte binnen einer Woche 12.000 Klicks auf Facebook und strahlte durch seine Botschaft aus vielen Fenstern in die Dunkelheit.<\/p>\n<p><strong>Die Stralsunder Stadtwache ist ein bunter Haufen von Abenteurern, der diese Welt ein bisschen bunter macht. Wem es nicht reicht nur von Abenteuern zu tr\u00e4umen, der ist bei uns goldrichtig!<\/strong><\/p>\n","protected":false},"excerpt":{"rendered":"<p>Der Tradition verbunden&nbsp;&nbsp;&nbsp;&nbsp;&nbsp;&nbsp;&nbsp;&nbsp;&nbsp;&nbsp;&nbsp;&nbsp;&nbsp;&nbsp;&nbsp;&nbsp;&nbsp;&nbsp;&nbsp;&nbsp;&nbsp;&nbsp;&nbsp;&nbsp; &nbsp; &nbsp; &nbsp; &nbsp; &nbsp; &nbsp; &nbsp; &nbsp; &nbsp; &nbsp; &nbsp; &nbsp; &nbsp; &nbsp; &nbsp; &nbsp; &nbsp; &nbsp; &nbsp; &nbsp; &nbsp; &nbsp; &nbsp; &nbsp; &nbsp; &nbsp; &nbsp;&nbsp; &nbsp;&nbsp;&nbsp;&nbsp;&nbsp;&nbsp;&nbsp;&nbsp;&nbsp; Buchungsformular der Stralsunder&#46;&#46;&#46;<\/p>\n","protected":false},"author":1,"featured_media":0,"parent":0,"menu_order":0,"comment_status":"closed","ping_status":"closed","template":"","meta":{"_bbp_topic_count":0,"_bbp_reply_count":0,"_bbp_total_topic_count":0,"_bbp_total_reply_count":0,"_bbp_voice_count":0,"_bbp_anonymous_reply_count":0,"_bbp_topic_count_hidden":0,"_bbp_reply_count_hidden":0,"_bbp_forum_subforum_count":0,"ngg_post_thumbnail":0,"footnotes":""},"class_list":["post-2082","page","type-page","status-publish","hentry","gallery-content-unit"],"_links":{"self":[{"href":"https:\/\/stralsunder-traditionsverein.de\/internet\/wp-json\/wp\/v2\/pages\/2082","targetHints":{"allow":["GET"]}}],"collection":[{"href":"https:\/\/stralsunder-traditionsverein.de\/internet\/wp-json\/wp\/v2\/pages"}],"about":[{"href":"https:\/\/stralsunder-traditionsverein.de\/internet\/wp-json\/wp\/v2\/types\/page"}],"author":[{"embeddable":true,"href":"https:\/\/stralsunder-traditionsverein.de\/internet\/wp-json\/wp\/v2\/users\/1"}],"replies":[{"embeddable":true,"href":"https:\/\/stralsunder-traditionsverein.de\/internet\/wp-json\/wp\/v2\/comments?post=2082"}],"version-history":[{"count":5,"href":"https:\/\/stralsunder-traditionsverein.de\/internet\/wp-json\/wp\/v2\/pages\/2082\/revisions"}],"predecessor-version":[{"id":2231,"href":"https:\/\/stralsunder-traditionsverein.de\/internet\/wp-json\/wp\/v2\/pages\/2082\/revisions\/2231"}],"wp:attachment":[{"href":"https:\/\/stralsunder-traditionsverein.de\/internet\/wp-json\/wp\/v2\/media?parent=2082"}],"curies":[{"name":"wp","href":"https:\/\/api.w.org\/{rel}","templated":true}]}}