{"id":2412,"date":"2024-07-22T20:38:38","date_gmt":"2024-07-22T18:38:38","guid":{"rendered":"https:\/\/stralsunder-traditionsverein.de\/internet\/?page_id=2412"},"modified":"2024-07-22T21:22:06","modified_gmt":"2024-07-22T19:22:06","slug":"lfi","status":"publish","type":"page","link":"https:\/\/stralsunder-traditionsverein.de\/internet\/lfi\/","title":{"rendered":"LFI"},"content":{"rendered":"<p><strong>Hohnblasen und Kinderspeisung<\/strong><\/p>\n<p>Dieses Projekt wird vom Land Mecklenburg- Vorpommern aus Mitteln des Fonds f\u00fcr Vorpommern und das \u00f6stliche Mecklenburg gef\u00f6rdert.<br \/>\n<strong>Wir danken f\u00fcr die Unterst\u00fctzung.<\/strong><br \/>\n<br \/>\nKurzbeschreibung des gef\u00f6rderten Projekts:<br \/>\n<br \/>\nAls am 24. Juli 1628 (jul. Kalender) die kaiserlichen Truppen Wallensteins die Belagerung Stralsunds endg\u00fcltig aufgaben, sollen die Stralsunder spontan verwirrende und v\u00f6llig chaotische Trompetensignale von den T\u00fcrmen und Mauern der Stadt geblasen haben, um den abziehenden Feind zu verspotten. Im Anschluss daran sollen die \u00c4rmsten der Stadtbev\u00f6lkerung nach einem Dankesgottesdienst mit Brot und milden Gaben bedacht worden sein \u2013 aus dieser Armenspeisung ist im Laufe der Geschichte die sogenannte Kinderspeisung hervorgegangen, die sp\u00e4testens seit dem 19. Jahrhundert als solche \u00fcberliefert ist. <\/p>\n<p>Dieses sogenannte \u201eHohnblasen\u201c und die Kinderspeisung sind nach wie vor ein fester Bestandteil bei den j\u00e4hrlichen Feierlichkeiten anl\u00e4sslich der Wallensteintage und werden am letzten Tag des Festes durchgef\u00fchrt.<br \/>\nAls Traditionsverein liegt es uns sehr am Herzen, den Stralsunder B\u00fcrgerinnen und B\u00fcrgern und allen G\u00e4sten dieses St\u00fcck Stadtgeschichte n\u00e4her zu bringen und mit Leben zu f\u00fcllen. Daf\u00fcr hat unsere Abteilung \u201eStralsunder Stadtwache\u201c ein kleines B\u00fchnenst\u00fcck entwickelt und plant f\u00fcr die Zukunft, diese Episode auch als Kurzfilm umzusetzen. F\u00fcr die Kinderspeisung backen unsere Vereinsmitglieder unentgeltlich Kuchen, welcher dann nach dem B\u00fchnenst\u00fcck an die anwesenden Kinder verteilt wird.<\/p>\n<p><img loading=\"lazy\" decoding=\"async\" src=\"https:\/\/stralsunder-traditionsverein.de\/internet\/wp-content\/uploads\/2024\/07\/Foerderlogo-e1721674084140-1024x417.png\" alt=\"\" width=\"512\" height=\"208\" class=\"alignnone size-large wp-image-2411\" srcset=\"https:\/\/stralsunder-traditionsverein.de\/internet\/wp-content\/uploads\/2024\/07\/Foerderlogo-e1721674084140-1024x417.png 1024w, https:\/\/stralsunder-traditionsverein.de\/internet\/wp-content\/uploads\/2024\/07\/Foerderlogo-e1721674084140-300x122.png 300w, https:\/\/stralsunder-traditionsverein.de\/internet\/wp-content\/uploads\/2024\/07\/Foerderlogo-e1721674084140-768x313.png 768w, https:\/\/stralsunder-traditionsverein.de\/internet\/wp-content\/uploads\/2024\/07\/Foerderlogo-e1721674084140-400x163.png 400w, https:\/\/stralsunder-traditionsverein.de\/internet\/wp-content\/uploads\/2024\/07\/Foerderlogo-e1721674084140.png 1046w\" sizes=\"auto, (max-width: 512px) 100vw, 512px\" \/><\/p>\n","protected":false},"excerpt":{"rendered":"<p>Hohnblasen und Kinderspeisung Dieses Projekt wird vom Land Mecklenburg- Vorpommern aus Mitteln des Fonds f\u00fcr Vorpommern und das \u00f6stliche Mecklenburg gef\u00f6rdert. Wir danken f\u00fcr die Unterst\u00fctzung. Kurzbeschreibung des gef\u00f6rderten Projekts: Als am 24. Juli&#46;&#46;&#46;<\/p>\n","protected":false},"author":1,"featured_media":0,"parent":0,"menu_order":0,"comment_status":"closed","ping_status":"closed","template":"","meta":{"_bbp_topic_count":0,"_bbp_reply_count":0,"_bbp_total_topic_count":0,"_bbp_total_reply_count":0,"_bbp_voice_count":0,"_bbp_anonymous_reply_count":0,"_bbp_topic_count_hidden":0,"_bbp_reply_count_hidden":0,"_bbp_forum_subforum_count":0,"ngg_post_thumbnail":0,"footnotes":""},"class_list":["post-2412","page","type-page","status-publish","hentry","gallery-content-unit"],"_links":{"self":[{"href":"https:\/\/stralsunder-traditionsverein.de\/internet\/wp-json\/wp\/v2\/pages\/2412","targetHints":{"allow":["GET"]}}],"collection":[{"href":"https:\/\/stralsunder-traditionsverein.de\/internet\/wp-json\/wp\/v2\/pages"}],"about":[{"href":"https:\/\/stralsunder-traditionsverein.de\/internet\/wp-json\/wp\/v2\/types\/page"}],"author":[{"embeddable":true,"href":"https:\/\/stralsunder-traditionsverein.de\/internet\/wp-json\/wp\/v2\/users\/1"}],"replies":[{"embeddable":true,"href":"https:\/\/stralsunder-traditionsverein.de\/internet\/wp-json\/wp\/v2\/comments?post=2412"}],"version-history":[{"count":10,"href":"https:\/\/stralsunder-traditionsverein.de\/internet\/wp-json\/wp\/v2\/pages\/2412\/revisions"}],"predecessor-version":[{"id":2433,"href":"https:\/\/stralsunder-traditionsverein.de\/internet\/wp-json\/wp\/v2\/pages\/2412\/revisions\/2433"}],"wp:attachment":[{"href":"https:\/\/stralsunder-traditionsverein.de\/internet\/wp-json\/wp\/v2\/media?parent=2412"}],"curies":[{"name":"wp","href":"https:\/\/api.w.org\/{rel}","templated":true}]}}